{"id":2,"date":"2021-09-23T07:14:30","date_gmt":"2021-09-23T07:14:30","guid":{"rendered":"https:\/\/www.aramon.com\/blog\/?page_id=2"},"modified":"2022-07-07T06:33:38","modified_gmt":"2022-07-07T06:33:38","slug":"sample-page","status":"publish","type":"page","link":"https:\/\/www.aramon.com\/blog\/","title":{"rendered":"Inicio"},"content":{"rendered":"\n<div class=\"wp-block-aramon-blocks-nested-last-posts row-nested-post\"><div class=\"container\"><div class=\"related-posts-content\"><div class=\"wp-block-latest-posts wp-block-latest-posts__list carousel related-posts\" data-items=\"3\" data-dots=\"true\" data-margin=\"75\" data-only-responsive=\"true\"><div class=\"item shadow-lg\">\n                        <div class=\"card-image\" style=\"background-image: url(https:\/\/www.aramon.com\/blog\/wp-content\/uploads\/2026\/04\/VERANO-PANTICOSA-10-scaled.jpg)\">\n                            <img decoding=\"async\" src=\"https:\/\/www.aramon.com\/blog\/wp-content\/uploads\/2026\/04\/VERANO-PANTICOSA-10-scaled.jpg\" \/>\n                        <\/div>\n                        \n                        <time datetime=\"mayo 05, 2026\" itemprop=\"datePublished\">mayo 05, 2026<\/time>\n                        \n                        <h3 class=\"entry-title\">\n                            <a href=\"https:\/\/www.aramon.com\/blog\/planes-primavera-pirineo\/\">Planes en el Pirineo: la monta\u00f1a en primavera<\/a>\n                        <\/h3><div class=\"wp-block-latest-posts__post-excerpt\">Una selecci\u00f3n de planes para disfrutar la monta\u00f1a en primavera, combinando &hellip; <\/div><\/div>\n<div class=\"item shadow-lg\">\n                        <div class=\"card-image\" style=\"background-image: url(https:\/\/www.aramon.com\/blog\/wp-content\/uploads\/2026\/04\/Heavy-User-Javi-Pena-Blanca-Campana-Formigal-Temp-24-25-0302251-scaled.jpg)\">\n                            <img decoding=\"async\" src=\"https:\/\/www.aramon.com\/blog\/wp-content\/uploads\/2026\/04\/Heavy-User-Javi-Pena-Blanca-Campana-Formigal-Temp-24-25-0302251-scaled.jpg\" \/>\n                        <\/div>\n                        \n                        <time datetime=\"abril 21, 2026\" itemprop=\"datePublished\">abril 21, 2026<\/time>\n                        \n                        <h3 class=\"entry-title\">\n                            <a href=\"https:\/\/www.aramon.com\/blog\/ganadores-desafios-app-byhankook\/\">\u00a1Ya tenemos ganadores de los desaf\u00edos de la APP Aram\u00f3n by HANKOOK!<\/a>\n                        <\/h3><div class=\"wp-block-latest-posts__post-excerpt\">Durante todo el invierno, la APP Aram\u00f3n ha puesto a prueba &hellip; <\/div><\/div>\n<div class=\"item shadow-lg\">\n                        <div class=\"card-image\" style=\"background-image: url(https:\/\/www.aramon.com\/blog\/wp-content\/uploads\/2026\/04\/VERANO-PANTICOSA-145-scaled.jpg)\">\n                            <img decoding=\"async\" src=\"https:\/\/www.aramon.com\/blog\/wp-content\/uploads\/2026\/04\/VERANO-PANTICOSA-145-scaled.jpg\" \/>\n                        <\/div>\n                        \n                        <time datetime=\"abril 16, 2026\" itemprop=\"datePublished\">abril 16, 2026<\/time>\n                        \n                        <h3 class=\"entry-title\">\n                            <a href=\"https:\/\/www.aramon.com\/blog\/puente-san-jorge-pirineo\/\">Al\u00f3jate en el Pirineo para el Puente de San Jorge<\/a>\n                        <\/h3><div class=\"wp-block-latest-posts__post-excerpt\">El plan perfecto para parar, respirar y cambiar de ritmo.<\/div><\/div>\n<div class=\"item shadow-lg\">\n                        <div class=\"card-image\" style=\"background-image: url(https:\/\/www.aramon.com\/blog\/wp-content\/uploads\/2026\/04\/Cerler-5-scaled.jpg)\">\n                            <img decoding=\"async\" src=\"https:\/\/www.aramon.com\/blog\/wp-content\/uploads\/2026\/04\/Cerler-5-scaled.jpg\" \/>\n                        <\/div>\n                        \n                        <time datetime=\"abril 05, 2026\" itemprop=\"datePublished\">abril 05, 2026<\/time>\n                        \n                        <h3 class=\"entry-title\">\n                            <a href=\"https:\/\/www.aramon.com\/blog\/grupo-aramon-balance-temporada\/\">El Grupo Aram\u00f3n firma la mejor temporada de su historia<\/a>\n                        <\/h3><div class=\"wp-block-latest-posts__post-excerpt\">El grupo alcanza los 128 d\u00edas de actividad y supera los &hellip; <\/div><\/div>\n<div class=\"item shadow-lg\">\n                        <div class=\"card-image\" style=\"background-image: url(https:\/\/www.aramon.com\/blog\/wp-content\/uploads\/2026\/03\/Cerler_Bajada-tropical-1-scaled.jpg)\">\n                            <img decoding=\"async\" src=\"https:\/\/www.aramon.com\/blog\/wp-content\/uploads\/2026\/03\/Cerler_Bajada-tropical-1-scaled.jpg\" \/>\n                        <\/div>\n                        \n                        <time datetime=\"marzo 25, 2026\" itemprop=\"datePublished\">marzo 25, 2026<\/time>\n                        \n                        <h3 class=\"entry-title\">\n                            <a href=\"https:\/\/www.aramon.com\/blog\/semana-santa-aramon\/\">\u00daltimos d\u00edas de nieve: as\u00ed ser\u00e1 la Semana Santa en Aram\u00f3n<\/a>\n                        <\/h3><div class=\"wp-block-latest-posts__post-excerpt\">Las estaciones acogen durante la Semana Santa una amplia programaci\u00f3n de &hellip; <\/div><\/div>\n<div class=\"item shadow-lg\">\n                        <div class=\"card-image\" style=\"background-image: url(https:\/\/www.aramon.com\/blog\/wp-content\/uploads\/2026\/03\/Captura-de-pantalla-2026-03-22-121008.png)\">\n                            <img decoding=\"async\" src=\"https:\/\/www.aramon.com\/blog\/wp-content\/uploads\/2026\/03\/Captura-de-pantalla-2026-03-22-121008.png\" \/>\n                        <\/div>\n                        \n                        <time datetime=\"marzo 22, 2026\" itemprop=\"datePublished\">marzo 22, 2026<\/time>\n                        \n                        <h3 class=\"entry-title\">\n                            <a href=\"https:\/\/www.aramon.com\/blog\/ciclo-del-agua\/\">Las estaciones del Grupo Aram\u00f3n act\u00faan como reserva de agua en la monta\u00f1a<\/a>\n                        <\/h3><div class=\"wp-block-latest-posts__post-excerpt\">Desde la precipitaci\u00f3n hasta el deshielo, las estaciones del Grupo Aram\u00f3n &hellip; <\/div><\/div>\n<\/div><div class=\"see-more\"><a data-page=\"2\" href=\"#\">Ver m\u00e1s Art\u00edculos<\/a><\/div><\/div><\/div><\/div>\n\n\n\n<p><\/p>\n","protected":false},"excerpt":{"rendered":"","protected":false},"author":1,"featured_media":0,"parent":0,"menu_order":0,"comment_status":"closed","ping_status":"open","template":"","meta":{"_acf_changed":false,"footnotes":""},"acf":[],"yoast_head":"<!-- This site is optimized with the Yoast SEO plugin v22.5 - https:\/\/yoast.com\/wordpress\/plugins\/seo\/ -->\n<title>Inicio - Blog Oficial del Grupo ARAM\u00d3N<\/title>\n<meta name=\"robots\" content=\"index, follow, max-snippet:-1, max-image-preview:large, max-video-preview:-1\" \/>\n<link rel=\"canonical\" href=\"https:\/\/www.aramon.com\/blog\/\" \/>\n<meta property=\"og:locale\" content=\"es_ES\" \/>\n<meta property=\"og:type\" content=\"article\" \/>\n<meta property=\"og:title\" content=\"Inicio - Blog Oficial del Grupo ARAM\u00d3N\" \/>\n<meta property=\"og:url\" content=\"https:\/\/www.aramon.com\/blog\/\" \/>\n<meta property=\"og:site_name\" content=\"Blog Oficial del Grupo ARAM\u00d3N\" \/>\n<meta property=\"article:modified_time\" content=\"2022-07-07T06:33:38+00:00\" \/>\n<meta name=\"twitter:card\" content=\"summary_large_image\" \/>\n<script type=\"application\/ld+json\" class=\"yoast-schema-graph\">{\"@context\":\"https:\/\/schema.org\",\"@graph\":[{\"@type\":\"WebPage\",\"@id\":\"https:\/\/www.aramon.com\/blog\/\",\"url\":\"https:\/\/www.aramon.com\/blog\/\",\"name\":\"Inicio - Blog Oficial del Grupo ARAM\u00d3N\",\"isPartOf\":{\"@id\":\"https:\/\/www.aramon.com\/blog\/#website\"},\"datePublished\":\"2021-09-23T07:14:30+00:00\",\"dateModified\":\"2022-07-07T06:33:38+00:00\",\"inLanguage\":\"es\",\"potentialAction\":[{\"@type\":\"ReadAction\",\"target\":[\"https:\/\/www.aramon.com\/blog\/\"]}]},{\"@type\":\"WebSite\",\"@id\":\"https:\/\/www.aramon.com\/blog\/#website\",\"url\":\"https:\/\/www.aramon.com\/blog\/\",\"name\":\"Blog Oficial del Grupo ARAM\u00d3N\",\"description\":\"Blog Oficial del Grupo Aram\u00f3n sobre estaciones de esqu\u00ed, monta\u00f1ismo, deportes de aventura y m\u00e1s en Arag\u00f3n.\",\"potentialAction\":[{\"@type\":\"SearchAction\",\"target\":{\"@type\":\"EntryPoint\",\"urlTemplate\":\"https:\/\/www.aramon.com\/blog\/?s={search_term_string}\"},\"query-input\":\"required name=search_term_string\"}],\"inLanguage\":\"es\"}]}<\/script>\n<!-- \/ Yoast SEO plugin. -->","yoast_head_json":{"title":"Inicio - Blog Oficial del Grupo ARAM\u00d3N","robots":{"index":"index","follow":"follow","max-snippet":"max-snippet:-1","max-image-preview":"max-image-preview:large","max-video-preview":"max-video-preview:-1"},"canonical":"https:\/\/www.aramon.com\/blog\/","og_locale":"es_ES","og_type":"article","og_title":"Inicio - Blog Oficial del Grupo ARAM\u00d3N","og_url":"https:\/\/www.aramon.com\/blog\/","og_site_name":"Blog Oficial del Grupo ARAM\u00d3N","article_modified_time":"2022-07-07T06:33:38+00:00","twitter_card":"summary_large_image","schema":{"@context":"https:\/\/schema.org","@graph":[{"@type":"WebPage","@id":"https:\/\/www.aramon.com\/blog\/","url":"https:\/\/www.aramon.com\/blog\/","name":"Inicio - Blog Oficial del Grupo ARAM\u00d3N","isPartOf":{"@id":"https:\/\/www.aramon.com\/blog\/#website"},"datePublished":"2021-09-23T07:14:30+00:00","dateModified":"2022-07-07T06:33:38+00:00","inLanguage":"es","potentialAction":[{"@type":"ReadAction","target":["https:\/\/www.aramon.com\/blog\/"]}]},{"@type":"WebSite","@id":"https:\/\/www.aramon.com\/blog\/#website","url":"https:\/\/www.aramon.com\/blog\/","name":"Blog Oficial del Grupo ARAM\u00d3N","description":"Blog Oficial del Grupo Aram\u00f3n sobre estaciones de esqu\u00ed, monta\u00f1ismo, deportes de aventura y m\u00e1s en Arag\u00f3n.","potentialAction":[{"@type":"SearchAction","target":{"@type":"EntryPoint","urlTemplate":"https:\/\/www.aramon.com\/blog\/?s={search_term_string}"},"query-input":"required name=search_term_string"}],"inLanguage":"es"}]}},"_links":{"self":[{"href":"https:\/\/www.aramon.com\/blog\/wp-json\/wp\/v2\/pages\/2"}],"collection":[{"href":"https:\/\/www.aramon.com\/blog\/wp-json\/wp\/v2\/pages"}],"about":[{"href":"https:\/\/www.aramon.com\/blog\/wp-json\/wp\/v2\/types\/page"}],"author":[{"embeddable":true,"href":"https:\/\/www.aramon.com\/blog\/wp-json\/wp\/v2\/users\/1"}],"replies":[{"embeddable":true,"href":"https:\/\/www.aramon.com\/blog\/wp-json\/wp\/v2\/comments?post=2"}],"version-history":[{"count":8,"href":"https:\/\/www.aramon.com\/blog\/wp-json\/wp\/v2\/pages\/2\/revisions"}],"predecessor-version":[{"id":16440,"href":"https:\/\/www.aramon.com\/blog\/wp-json\/wp\/v2\/pages\/2\/revisions\/16440"}],"wp:attachment":[{"href":"https:\/\/www.aramon.com\/blog\/wp-json\/wp\/v2\/media?parent=2"}],"curies":[{"name":"wp","href":"https:\/\/api.w.org\/{rel}","templated":true}]}}